{"id":3396,"date":"2023-08-04T10:37:54","date_gmt":"2023-08-04T08:37:54","guid":{"rendered":"https:\/\/hopfenveredlung.de\/?page_id=3396"},"modified":"2023-08-04T10:46:35","modified_gmt":"2023-08-04T08:46:35","slug":"hinweisgeber-portal","status":"publish","type":"page","link":"https:\/\/hopfenveredlung.de\/en\/hinweisgeber-portal\/","title":{"rendered":"Whistleblower portal"},"content":{"rendered":"<div data-elementor-type=\"wp-page\" data-elementor-id=\"3396\" class=\"elementor elementor-3396\" data-elementor-post-type=\"page\">\n\t\t\t\t\t\t<section class=\"elementor-section elementor-top-section elementor-element elementor-element-7996c316 elementor-section-boxed elementor-section-height-default elementor-section-height-default\" data-id=\"7996c316\" data-element_type=\"section\" data-e-type=\"section\">\n\t\t\t\t\t\t<div class=\"elementor-container elementor-column-gap-default\">\n\t\t\t\t\t<div class=\"elementor-column elementor-col-100 elementor-top-column elementor-element elementor-element-58ff17b0\" data-id=\"58ff17b0\" data-element_type=\"column\" data-e-type=\"column\">\n\t\t\t<div class=\"elementor-widget-wrap elementor-element-populated\">\n\t\t\t\t\t\t<div class=\"elementor-element elementor-element-520b6a10 elementor-widget__width-initial elementor-widget elementor-widget-text-editor\" data-id=\"520b6a10\" data-element_type=\"widget\" data-e-type=\"widget\" data-widget_type=\"text-editor.default\">\n\t\t\t\t<div class=\"elementor-widget-container\">\n\t\t\t\t\t\t\t\t\t<h1>Establishment of an anonymous<br>Whistleblower system<\/h1>\n<p>The <span class=\"hopfenveredlung\">Hopfenveredlung<\/span> St. Johann GmbH provides you as a whistleblower with a secure reporting channel. According to the German Whistleblower Protection Act (HinSchG), this term refers to a system that allows you to submit anonymous tips confidentially.<\/p>\n<p>Confidentiality in this context means that \"a reporting channel is securely designed, established and operated in such a way that the confidentiality of the identity of the whistleblower and third parties mentioned in his or her report is maintained.\" A whistleblower's confidentiality must be ensured; he or she must not suffer reprisals, discrimination or disadvantages because of a report.<\/p>\n<p><b>You want to point out possible grievances in an uncomplicated way, have suggestions or complaints, but would like to remain anonymous?<\/b><\/p>\n<p>Employees and other interested parties can report any incidents or violations confidentially without being prosecuted. To protect them and their information, this is done by forwarding it to an external, secure platform.<\/p>\n<p>Your identity and personal data will not be collected or stored as part of your notice unless you expressly consent to it.<\/p>\n<p>The contents of your confidentially sent message will be saved by the used whistleblower portal&nbsp;<a href=\"https:\/\/vertraulichmelden.de\/hopfenveredlung\/\" target=\"_blank\">confidentialreport.com<\/a>&nbsp; anonymized to the <span class=\"hopfenveredlung\">Hopfenveredlung<\/span> St. Johann GmbH, but under no circumstances with information about your identity.<\/p>\n<p>You can access the whistleblower portal via the following link: <a href=\"https:\/\/vertraulichmelden.de\/hopfenveredlung\/\">https:\/\/vertraulichmelden.de\/hopfenveredlung\/<\/a><\/p>\n<p>Details of the from <span class=\"hopfenveredlung\">Hopfenveredlung<\/span> St. Johann GmbH as a service provider, external whistleblower portal:<\/p>\n<address><strong>confidentialreport.com<\/strong><br>Thomas Schie\u00dfl<br>Untere Ringstrasse 26<br>94347 Ascha<br>Germany<br>Phone: +49 (0)1 71 - 1 46 28 86<br>Email:&nbsp;<a href=\"mailto: kontakt@vertraulichmelden.de\" target=\"_blank\" style=\"font-size: 16px; background-color: rgb(255, 255, 255);\">kontakt@vertraulichmelden.de<\/a><\/address>\t\t\t\t\t\t\t\t<\/div>\n\t\t\t\t<\/div>\n\t\t\t\t\t<\/div>\n\t\t<\/div>\n\t\t\t\t\t<\/div>\n\t\t<\/section>\n\t\t\t\t<\/div>","protected":false},"excerpt":{"rendered":"<p>Einrichtung eines anonymenHinweisgeber-Systems Die Hopfenveredlung St. Johann GmbH stellt Ihnen als Whistleblower*in einen sicheren Meldekanal zur Verf\u00fcgung. Unter diesem Begriff ist nach dem Hinweisgeberschutzgesetz (HinSchG) ein System zu verstehen, das Ihnen eine vertrauliche Abgabe anonymer Hinweise erm\u00f6glicht. Vertraulichkeit bedeutet in diesem Zusammenhang, dass \u00bbein Meldekanal so sicher konzipiert, eingerichtet und betrieben wird, dass die Vertraulichkeit [&hellip;]<\/p>\n","protected":false},"author":6,"featured_media":0,"parent":0,"menu_order":0,"comment_status":"closed","ping_status":"closed","template":"elementor_header_footer","meta":{"_acf_changed":false,"inline_featured_image":false,"footnotes":"","_links_to":"","_links_to_target":""},"class_list":["post-3396","page","type-page","status-publish","hentry","entry"],"acf":[],"yoast_head":"<!-- This site is optimized with the Yoast SEO plugin v27.3 - https:\/\/yoast.com\/product\/yoast-seo-wordpress\/ -->\n<title>Hinweisgeber-Portal - Hopfenveredlung<\/title>\n<meta name=\"robots\" content=\"index, follow, max-snippet:-1, max-image-preview:large, max-video-preview:-1\" \/>\n<link rel=\"canonical\" href=\"https:\/\/hopfenveredlung.de\/en\/hinweisgeber-portal\/\" \/>\n<meta property=\"og:locale\" content=\"en_US\" \/>\n<meta property=\"og:type\" content=\"article\" \/>\n<meta property=\"og:title\" content=\"Hinweisgeber-Portal - Hopfenveredlung\" \/>\n<meta property=\"og:description\" content=\"Einrichtung eines anonymenHinweisgeber-Systems Die Hopfenveredlung St. Johann GmbH stellt Ihnen als Whistleblower*in einen sicheren Meldekanal zur Verf\u00fcgung. Unter diesem Begriff ist nach dem Hinweisgeberschutzgesetz (HinSchG) ein System zu verstehen, das Ihnen eine vertrauliche Abgabe anonymer Hinweise erm\u00f6glicht. Vertraulichkeit bedeutet in diesem Zusammenhang, dass \u00bbein Meldekanal so sicher konzipiert, eingerichtet und betrieben wird, dass die Vertraulichkeit [&hellip;]\" \/>\n<meta property=\"og:url\" content=\"https:\/\/hopfenveredlung.de\/en\/hinweisgeber-portal\/\" \/>\n<meta property=\"og:site_name\" content=\"Hopfenveredlung\" \/>\n<meta property=\"article:modified_time\" content=\"2023-08-04T08:46:35+00:00\" \/>\n<meta name=\"twitter:card\" content=\"summary_large_image\" \/>\n<meta name=\"twitter:label1\" content=\"Est. reading time\" \/>\n\t<meta name=\"twitter:data1\" content=\"2 minutes\" \/>\n<script type=\"application\/ld+json\" class=\"yoast-schema-graph\">{\"@context\":\"https:\\\/\\\/schema.org\",\"@graph\":[{\"@type\":\"WebPage\",\"@id\":\"https:\\\/\\\/hopfenveredlung.de\\\/hinweisgeber-portal\\\/\",\"url\":\"https:\\\/\\\/hopfenveredlung.de\\\/hinweisgeber-portal\\\/\",\"name\":\"Hinweisgeber-Portal - Hopfenveredlung\",\"isPartOf\":{\"@id\":\"https:\\\/\\\/hopfenveredlung.de\\\/#website\"},\"datePublished\":\"2023-08-04T08:37:54+00:00\",\"dateModified\":\"2023-08-04T08:46:35+00:00\",\"breadcrumb\":{\"@id\":\"https:\\\/\\\/hopfenveredlung.de\\\/hinweisgeber-portal\\\/#breadcrumb\"},\"inLanguage\":\"en-US\",\"potentialAction\":[{\"@type\":\"ReadAction\",\"target\":[\"https:\\\/\\\/hopfenveredlung.de\\\/hinweisgeber-portal\\\/\"]}]},{\"@type\":\"BreadcrumbList\",\"@id\":\"https:\\\/\\\/hopfenveredlung.de\\\/hinweisgeber-portal\\\/#breadcrumb\",\"itemListElement\":[{\"@type\":\"ListItem\",\"position\":1,\"name\":\"Startseite\",\"item\":\"https:\\\/\\\/hopfenveredlung.de\\\/\"},{\"@type\":\"ListItem\",\"position\":2,\"name\":\"Hinweisgeber-Portal\"}]},{\"@type\":\"WebSite\",\"@id\":\"https:\\\/\\\/hopfenveredlung.de\\\/#website\",\"url\":\"https:\\\/\\\/hopfenveredlung.de\\\/\",\"name\":\"Hopfenveredlung\",\"description\":\"Gr\u00f6\u00dftes Verarbeitungswerk f\u00fcr Hopfen\",\"publisher\":{\"@id\":\"https:\\\/\\\/hopfenveredlung.de\\\/#organization\"},\"potentialAction\":[{\"@type\":\"SearchAction\",\"target\":{\"@type\":\"EntryPoint\",\"urlTemplate\":\"https:\\\/\\\/hopfenveredlung.de\\\/?s={search_term_string}\"},\"query-input\":{\"@type\":\"PropertyValueSpecification\",\"valueRequired\":true,\"valueName\":\"search_term_string\"}}],\"inLanguage\":\"en-US\"},{\"@type\":\"Organization\",\"@id\":\"https:\\\/\\\/hopfenveredlung.de\\\/#organization\",\"name\":\"Hopfenveredlung\",\"url\":\"https:\\\/\\\/hopfenveredlung.de\\\/\",\"logo\":{\"@type\":\"ImageObject\",\"inLanguage\":\"en-US\",\"@id\":\"https:\\\/\\\/hopfenveredlung.de\\\/#\\\/schema\\\/logo\\\/image\\\/\",\"url\":\"https:\\\/\\\/hopfenveredlung.de\\\/wp-content\\\/uploads\\\/2021\\\/05\\\/logo.svg\",\"contentUrl\":\"https:\\\/\\\/hopfenveredlung.de\\\/wp-content\\\/uploads\\\/2021\\\/05\\\/logo.svg\",\"width\":203,\"height\":80,\"caption\":\"Hopfenveredlung\"},\"image\":{\"@id\":\"https:\\\/\\\/hopfenveredlung.de\\\/#\\\/schema\\\/logo\\\/image\\\/\"}}]}<\/script>\n<!-- \/ Yoast SEO plugin. -->","yoast_head_json":{"title":"Whistleblower portal - Hop refinement","robots":{"index":"index","follow":"follow","max-snippet":"max-snippet:-1","max-image-preview":"max-image-preview:large","max-video-preview":"max-video-preview:-1"},"canonical":"https:\/\/hopfenveredlung.de\/en\/hinweisgeber-portal\/","og_locale":"en_US","og_type":"article","og_title":"Hinweisgeber-Portal - Hopfenveredlung","og_description":"Einrichtung eines anonymenHinweisgeber-Systems Die Hopfenveredlung St. Johann GmbH stellt Ihnen als Whistleblower*in einen sicheren Meldekanal zur Verf\u00fcgung. Unter diesem Begriff ist nach dem Hinweisgeberschutzgesetz (HinSchG) ein System zu verstehen, das Ihnen eine vertrauliche Abgabe anonymer Hinweise erm\u00f6glicht. Vertraulichkeit bedeutet in diesem Zusammenhang, dass \u00bbein Meldekanal so sicher konzipiert, eingerichtet und betrieben wird, dass die Vertraulichkeit [&hellip;]","og_url":"https:\/\/hopfenveredlung.de\/en\/hinweisgeber-portal\/","og_site_name":"Hopfenveredlung","article_modified_time":"2023-08-04T08:46:35+00:00","twitter_card":"summary_large_image","twitter_misc":{"Est. reading time":"2 minutes"},"schema":{"@context":"https:\/\/schema.org","@graph":[{"@type":"WebPage","@id":"https:\/\/hopfenveredlung.de\/hinweisgeber-portal\/","url":"https:\/\/hopfenveredlung.de\/hinweisgeber-portal\/","name":"Whistleblower portal - Hop refinement","isPartOf":{"@id":"https:\/\/hopfenveredlung.de\/#website"},"datePublished":"2023-08-04T08:37:54+00:00","dateModified":"2023-08-04T08:46:35+00:00","breadcrumb":{"@id":"https:\/\/hopfenveredlung.de\/hinweisgeber-portal\/#breadcrumb"},"inLanguage":"en-US","potentialAction":[{"@type":"ReadAction","target":["https:\/\/hopfenveredlung.de\/hinweisgeber-portal\/"]}]},{"@type":"BreadcrumbList","@id":"https:\/\/hopfenveredlung.de\/hinweisgeber-portal\/#breadcrumb","itemListElement":[{"@type":"ListItem","position":1,"name":"Startseite","item":"https:\/\/hopfenveredlung.de\/"},{"@type":"ListItem","position":2,"name":"Hinweisgeber-Portal"}]},{"@type":"WebSite","@id":"https:\/\/hopfenveredlung.de\/#website","url":"https:\/\/hopfenveredlung.de\/","name":"Hopfenveredlung","description":"Largest processing plant for hops","publisher":{"@id":"https:\/\/hopfenveredlung.de\/#organization"},"potentialAction":[{"@type":"SearchAction","target":{"@type":"EntryPoint","urlTemplate":"https:\/\/hopfenveredlung.de\/?s={search_term_string}"},"query-input":{"@type":"PropertyValueSpecification","valueRequired":true,"valueName":"search_term_string"}}],"inLanguage":"en-US"},{"@type":"Organization","@id":"https:\/\/hopfenveredlung.de\/#organization","name":"Hopfenveredlung","url":"https:\/\/hopfenveredlung.de\/","logo":{"@type":"ImageObject","inLanguage":"en-US","@id":"https:\/\/hopfenveredlung.de\/#\/schema\/logo\/image\/","url":"https:\/\/hopfenveredlung.de\/wp-content\/uploads\/2021\/05\/logo.svg","contentUrl":"https:\/\/hopfenveredlung.de\/wp-content\/uploads\/2021\/05\/logo.svg","width":203,"height":80,"caption":"Hopfenveredlung"},"image":{"@id":"https:\/\/hopfenveredlung.de\/#\/schema\/logo\/image\/"}}]}},"_links":{"self":[{"href":"https:\/\/hopfenveredlung.de\/en\/wp-json\/wp\/v2\/pages\/3396","targetHints":{"allow":["GET"]}}],"collection":[{"href":"https:\/\/hopfenveredlung.de\/en\/wp-json\/wp\/v2\/pages"}],"about":[{"href":"https:\/\/hopfenveredlung.de\/en\/wp-json\/wp\/v2\/types\/page"}],"author":[{"embeddable":true,"href":"https:\/\/hopfenveredlung.de\/en\/wp-json\/wp\/v2\/users\/6"}],"replies":[{"embeddable":true,"href":"https:\/\/hopfenveredlung.de\/en\/wp-json\/wp\/v2\/comments?post=3396"}],"version-history":[{"count":13,"href":"https:\/\/hopfenveredlung.de\/en\/wp-json\/wp\/v2\/pages\/3396\/revisions"}],"predecessor-version":[{"id":3411,"href":"https:\/\/hopfenveredlung.de\/en\/wp-json\/wp\/v2\/pages\/3396\/revisions\/3411"}],"wp:attachment":[{"href":"https:\/\/hopfenveredlung.de\/en\/wp-json\/wp\/v2\/media?parent=3396"}],"curies":[{"name":"wp","href":"https:\/\/api.w.org\/{rel}","templated":true}]}}